{"id":9,"date":"2024-06-01T11:36:00","date_gmt":"2024-06-01T11:36:00","guid":{"rendered":"http:\/\/www.iondobreanimalrescue.com\/?page_id=9"},"modified":"2025-02-22T14:10:12","modified_gmt":"2025-02-22T14:10:12","slug":"despre","status":"publish","type":"page","link":"https:\/\/www.iondobreanimalrescue.com\/","title":{"rendered":"Despre Ion Dobre"},"content":{"rendered":"\n<p><strong>Ion Dobre<\/strong> este for\u021ba dedicat\u0103 care face din <strong>Bucure\u0219ti<\/strong> un loc mai sigur pentru fiecare suflet necuv\u00e2nt\u0103tor. Cu un amestec unic de <strong>compasiune<\/strong>, <strong>curaj<\/strong> \u0219i <strong>spirit civic<\/strong>, el r\u0103spunde prompt oric\u0103rui apel de urgen\u021b\u0103\u2014fie c\u0103 este vorba de un <strong>c\u00e2ine<\/strong> blocat \u00eentr-un canal, o <strong>pisic\u0103<\/strong> speriat\u0103 refugiat\u0103 \u00een v\u00e2rful unui copac sau un <strong>arici<\/strong> pierdut \u00een agita\u021bia ora\u0219ului.<\/p>\n\n\n<div class=\"wp-block-image\">\n<figure class=\"aligncenter size-full is-resized\"><img loading=\"lazy\" decoding=\"async\" width=\"702\" height=\"921\" src=\"https:\/\/www.iondobreanimalrescue.com\/wp-content\/uploads\/2025\/02\/WhatsApp-Image-2025-02-22-at-12.26.36-1-1.jpeg\" alt=\"\" class=\"wp-image-57\" style=\"width:461px;height:auto\" srcset=\"https:\/\/www.iondobreanimalrescue.com\/wp-content\/uploads\/2025\/02\/WhatsApp-Image-2025-02-22-at-12.26.36-1-1.jpeg 702w, https:\/\/www.iondobreanimalrescue.com\/wp-content\/uploads\/2025\/02\/WhatsApp-Image-2025-02-22-at-12.26.36-1-1-229x300.jpeg 229w\" sizes=\"auto, (max-width: 702px) 100vw, 702px\" \/><\/figure>\n<\/div>\n\n\n<p>Interven\u021biile sale exemplare nu se opresc la simpla <strong>salvare a animalelor<\/strong> aflate \u00een pericol. Ion Dobre crede \u00een puterea educa\u021biei \u0219i \u00een importan\u021ba de a transmite mai departe valorile <strong>responsabilit\u0103\u021bii<\/strong> \u0219i <strong>empatiei<\/strong>. Fiecare opera\u021biune de <strong>rescue<\/strong> devine astfel un moment de con\u0219tientizare pentru comunitate, o lec\u021bie despre cum un gest altruist poate schimba vie\u021bi\u2014chiar \u0219i pe cele ale necuv\u00e2nt\u0103toarelor.<\/p>\n\n\n<div class=\"wp-block-image\">\n<figure class=\"aligncenter size-large is-resized\"><img loading=\"lazy\" decoding=\"async\" width=\"864\" height=\"1024\" src=\"https:\/\/www.iondobreanimalrescue.com\/wp-content\/uploads\/2024\/06\/WhatsApp-Image-2024-06-01-at-14.35.14-864x1024.jpeg\" alt=\"\" class=\"wp-image-41\" style=\"width:483px;height:auto\" srcset=\"https:\/\/www.iondobreanimalrescue.com\/wp-content\/uploads\/2024\/06\/WhatsApp-Image-2024-06-01-at-14.35.14-864x1024.jpeg 864w, https:\/\/www.iondobreanimalrescue.com\/wp-content\/uploads\/2024\/06\/WhatsApp-Image-2024-06-01-at-14.35.14-253x300.jpeg 253w, https:\/\/www.iondobreanimalrescue.com\/wp-content\/uploads\/2024\/06\/WhatsApp-Image-2024-06-01-at-14.35.14-768x910.jpeg 768w, https:\/\/www.iondobreanimalrescue.com\/wp-content\/uploads\/2024\/06\/WhatsApp-Image-2024-06-01-at-14.35.14.jpeg 1080w\" sizes=\"auto, (max-width: 864px) 100vw, 864px\" \/><\/figure>\n<\/div>\n\n\n<p>Viziunea lui Ion este ambi\u021bioas\u0103 \u0219i incluziv\u0103: el \u00ee\u0219i dore\u0219te s\u0103 creeze o re\u021bea de voluntari \u0219i sus\u021bin\u0103tori care s\u0103 se implice activ \u00een protejarea \u0219i <strong>bun\u0103starea animalelor<\/strong> din Rom\u00e2nia. Cu fiecare animal salvat, mai face un pas spre realizarea unui <strong>Bucure\u0219ti<\/strong> cu adev\u0103rat <strong>prietenos<\/strong> pentru toate fiin\u021bele.<\/p>\n\n\n<div class=\"wp-block-image\">\n<figure class=\"aligncenter size-large is-resized\"><img loading=\"lazy\" decoding=\"async\" width=\"577\" height=\"1024\" src=\"https:\/\/www.iondobreanimalrescue.com\/wp-content\/uploads\/2025\/02\/WhatsApp-Image-2025-02-22-at-12.26.36-577x1024.jpeg\" alt=\"\" class=\"wp-image-56\" style=\"width:346px;height:auto\" srcset=\"https:\/\/www.iondobreanimalrescue.com\/wp-content\/uploads\/2025\/02\/WhatsApp-Image-2025-02-22-at-12.26.36-577x1024.jpeg 577w, https:\/\/www.iondobreanimalrescue.com\/wp-content\/uploads\/2025\/02\/WhatsApp-Image-2025-02-22-at-12.26.36-169x300.jpeg 169w, https:\/\/www.iondobreanimalrescue.com\/wp-content\/uploads\/2025\/02\/WhatsApp-Image-2025-02-22-at-12.26.36-768x1364.jpeg 768w, https:\/\/www.iondobreanimalrescue.com\/wp-content\/uploads\/2025\/02\/WhatsApp-Image-2025-02-22-at-12.26.36-865x1536.jpeg 865w, https:\/\/www.iondobreanimalrescue.com\/wp-content\/uploads\/2025\/02\/WhatsApp-Image-2025-02-22-at-12.26.36.jpeg 1126w\" sizes=\"auto, (max-width: 577px) 100vw, 577px\" \/><\/figure>\n<\/div>\n\n\n<p>Vrei s\u0103 afli mai multe despre cum po\u021bi ajuta sau despre pove\u0219tile emo\u021bionante de <strong>salvare<\/strong>? Viziteaz\u0103 pagina oficial\u0103 a lui Ion Dobre pe <strong>Facebook<\/strong>, unde vei g\u0103si relat\u0103ri detaliate, fotografii \u0219i actualiz\u0103ri despre munca sa neobosit\u0103. Fii parte din aceast\u0103 <strong>misiune<\/strong> nobil\u0103 \u0219i hai s\u0103 transform\u0103m \u00eempreun\u0103 Bucure\u0219tiul \u00eentr-un ora\u0219 mai cald pentru fiecare sufle\u021bel!<\/p>\n\n\n<div class=\"wp-block-image\">\n<figure class=\"aligncenter size-full is-resized\"><img loading=\"lazy\" decoding=\"async\" width=\"660\" height=\"660\" src=\"https:\/\/www.iondobreanimalrescue.com\/wp-content\/uploads\/2025\/02\/471675288_3499369683693130_1043382930821487136_n.jpg\" alt=\"\" class=\"wp-image-51\" style=\"width:341px;height:auto\" srcset=\"https:\/\/www.iondobreanimalrescue.com\/wp-content\/uploads\/2025\/02\/471675288_3499369683693130_1043382930821487136_n.jpg 660w, https:\/\/www.iondobreanimalrescue.com\/wp-content\/uploads\/2025\/02\/471675288_3499369683693130_1043382930821487136_n-300x300.jpg 300w, https:\/\/www.iondobreanimalrescue.com\/wp-content\/uploads\/2025\/02\/471675288_3499369683693130_1043382930821487136_n-150x150.jpg 150w\" sizes=\"auto, (max-width: 660px) 100vw, 660px\" \/><\/figure>\n<\/div>","protected":false},"excerpt":{"rendered":"<p>Ion Dobre este for\u021ba dedicat\u0103 care face din Bucure\u0219ti un loc mai sigur pentru fiecare suflet necuv\u00e2nt\u0103tor. Cu un amestec unic de compasiune, curaj \u0219i spirit civic, el r\u0103spunde prompt oric\u0103rui apel de urgen\u021b\u0103\u2014fie c\u0103 este vorba de un c\u00e2ine blocat \u00eentr-un canal, o pisic\u0103 speriat\u0103 refugiat\u0103 \u00een v\u00e2rful unui copac sau un arici pierdut [&hellip;]<\/p>\n","protected":false},"author":1,"featured_media":0,"parent":0,"menu_order":0,"comment_status":"closed","ping_status":"closed","template":"","meta":{"give_campaign_id":0,"footnotes":""},"class_list":["post-9","page","type-page","status-publish","hentry"],"campaignId":"","_links":{"self":[{"href":"https:\/\/www.iondobreanimalrescue.com\/index.php\/wp-json\/wp\/v2\/pages\/9","targetHints":{"allow":["GET"]}}],"collection":[{"href":"https:\/\/www.iondobreanimalrescue.com\/index.php\/wp-json\/wp\/v2\/pages"}],"about":[{"href":"https:\/\/www.iondobreanimalrescue.com\/index.php\/wp-json\/wp\/v2\/types\/page"}],"author":[{"embeddable":true,"href":"https:\/\/www.iondobreanimalrescue.com\/index.php\/wp-json\/wp\/v2\/users\/1"}],"replies":[{"embeddable":true,"href":"https:\/\/www.iondobreanimalrescue.com\/index.php\/wp-json\/wp\/v2\/comments?post=9"}],"version-history":[{"count":3,"href":"https:\/\/www.iondobreanimalrescue.com\/index.php\/wp-json\/wp\/v2\/pages\/9\/revisions"}],"predecessor-version":[{"id":58,"href":"https:\/\/www.iondobreanimalrescue.com\/index.php\/wp-json\/wp\/v2\/pages\/9\/revisions\/58"}],"wp:attachment":[{"href":"https:\/\/www.iondobreanimalrescue.com\/index.php\/wp-json\/wp\/v2\/media?parent=9"}],"curies":[{"name":"wp","href":"https:\/\/api.w.org\/{rel}","templated":true}]}}